{"id":2,"date":"2013-03-02T19:18:53","date_gmt":"2013-03-02T19:18:53","guid":{"rendered":"http:\/\/www.pinks-place.de\/?page_id=2"},"modified":"2025-06-04T17:56:12","modified_gmt":"2025-06-04T16:56:12","slug":"beispiel-seite","status":"publish","type":"page","link":"http:\/\/www.pinks-place.de\/?page_id=2","title":{"rendered":"Biographie"},"content":{"rendered":"<p>Ich bin Pinks. Ich schreibe gern meine Gedanken auf und versuche interessante Geschichten daraus zu formen. Nun ja was gibt es \u00fcber mich zu sagen? Ich habe nie ein Kurs oder \u00c4hnliches belegt, welcher irgendetwas mit &#8220; Schreiben &#8220; zu tun hat. Und nur weil ein Freund der Meinung ist, es k\u00f6nnte euch interessieren und mich nat\u00fcrlich dazu anhalten will weiterzumachen,gibt es diesen Link! Und nat\u00fcrlich allen denen ,die meine Sachen lesen, kommentieren und vielleicht mit einwenig Gl\u00fcck sogar f\u00fcr gut befinden. \ud83d\ude09 Also Danke f\u00fcr eure Zeit!!! Eure Pinks P.S. Ein Kommentar tut micht weh und ich w\u00fcrde mich sehr dar\u00fcber freuen!!!!<\/p>\n<p>Ihr k\u00f6nnt mich nat\u00fcrlich auch per E-mail anschreiben : BloodyAngel@f4y-media.de<\/p>\n","protected":false},"excerpt":{"rendered":"<p>Ich bin Pinks. Ich schreibe gern meine Gedanken auf und versuche interessante Geschichten daraus zu formen. Nun ja was gibt es \u00fcber mich zu sagen? Ich habe nie ein Kurs oder \u00c4hnliches belegt, welcher irgendetwas mit &#8220; Schreiben &#8220; zu &hellip; <a href=\"http:\/\/www.pinks-place.de\/?page_id=2\">Continue reading <span class=\"meta-nav\">&rarr;<\/span><\/a><\/p>\n","protected":false},"author":1,"featured_media":0,"parent":0,"menu_order":0,"comment_status":"open","ping_status":"open","template":"","meta":{"footnotes":""},"class_list":["post-2","page","type-page","status-publish","hentry"],"_links":{"self":[{"href":"http:\/\/www.pinks-place.de\/index.php?rest_route=\/wp\/v2\/pages\/2","targetHints":{"allow":["GET"]}}],"collection":[{"href":"http:\/\/www.pinks-place.de\/index.php?rest_route=\/wp\/v2\/pages"}],"about":[{"href":"http:\/\/www.pinks-place.de\/index.php?rest_route=\/wp\/v2\/types\/page"}],"author":[{"embeddable":true,"href":"http:\/\/www.pinks-place.de\/index.php?rest_route=\/wp\/v2\/users\/1"}],"replies":[{"embeddable":true,"href":"http:\/\/www.pinks-place.de\/index.php?rest_route=%2Fwp%2Fv2%2Fcomments&post=2"}],"version-history":[{"count":7,"href":"http:\/\/www.pinks-place.de\/index.php?rest_route=\/wp\/v2\/pages\/2\/revisions"}],"predecessor-version":[{"id":135,"href":"http:\/\/www.pinks-place.de\/index.php?rest_route=\/wp\/v2\/pages\/2\/revisions\/135"}],"wp:attachment":[{"href":"http:\/\/www.pinks-place.de\/index.php?rest_route=%2Fwp%2Fv2%2Fmedia&parent=2"}],"curies":[{"name":"wp","href":"https:\/\/api.w.org\/{rel}","templated":true}]}}